{"id":179,"date":"2025-10-13T15:12:37","date_gmt":"2025-10-13T15:12:37","guid":{"rendered":"https:\/\/tillvaxtklubben.se\/?page_id=179"},"modified":"2025-10-22T20:10:53","modified_gmt":"2025-10-22T20:10:53","slug":"kontakt","status":"publish","type":"page","link":"https:\/\/tillvaxtklubben.se\/index.php\/kontakt\/","title":{"rendered":"Kontakt"},"content":{"rendered":"<p>[et_pb_section fb_built=&#8221;1&#8243; admin_label=&#8221;Header &#038; Contact&#8221; _builder_version=&#8221;4.25.1&#8243; _module_preset=&#8221;default&#8221; background_color=&#8221;gcid-8544a4e2-27b8-420a-83de-1cee04f2fb29&#8243; collapsed=&#8221;on&#8221; global_colors_info=&#8221;{%22gcid-8544a4e2-27b8-420a-83de-1cee04f2fb29%22:%91%22background_color%22%93}&#8221;][et_pb_row _builder_version=&#8221;4.25.1&#8243; _module_preset=&#8221;default&#8221; locked=&#8221;off&#8221; global_colors_info=&#8221;{}&#8221;][et_pb_column type=&#8221;4_4&#8243; _builder_version=&#8221;4.25.1&#8243; _module_preset=&#8221;default&#8221; global_colors_info=&#8221;{}&#8221;][et_pb_heading title=&#8221;Vi gillar fr\u00e5gor! &#8221; _builder_version=&#8221;4.27.4&#8243; _module_preset=&#8221;_initial&#8221; title_font=&#8221;DM Serif Text||||||||&#8221; title_font_size=&#8221;110px&#8221; title_letter_spacing=&#8221;-0.02em&#8221; custom_padding=&#8221;20px||||false|false&#8221; title_font_size_tablet=&#8221;40px&#8221; title_font_size_phone=&#8221;24px&#8221; title_font_size_last_edited=&#8221;on|desktop&#8221; border_width_top=&#8221;2px&#8221; locked=&#8221;off&#8221; global_colors_info=&#8221;{}&#8221;][\/et_pb_heading][\/et_pb_column][\/et_pb_row][et_pb_row custom_padding_last_edited=&#8221;on|desktop&#8221; _builder_version=&#8221;4.25.1&#8243; _module_preset=&#8221;default&#8221; background_color=&#8221;rgba(255,255,255,0.7)&#8221; custom_margin=&#8221;||30px||false|false&#8221; custom_padding=&#8221;60px|60px|60px|60px|true|true&#8221; custom_padding_tablet=&#8221;30px|30px|30px|30px|true|true&#8221; custom_padding_phone=&#8221;20px|20px|20px|20px|true|true&#8221; global_colors_info=&#8221;{}&#8221;][et_pb_column type=&#8221;4_4&#8243; _builder_version=&#8221;4.25.1&#8243; _module_preset=&#8221;default&#8221; global_colors_info=&#8221;{}&#8221;][et_pb_contact_form captcha=&#8221;off&#8221; _builder_version=&#8221;4.27.4&#8243; _module_preset=&#8221;_initial&#8221; _unique_id=&#8221;37352547-b97b-4413-85e2-b00056b20234&#8243; form_field_background_color=&#8221;RGBA(255,255,255,0)&#8221; form_field_text_color=&#8221;gcid-fa3e187d-20a7-4c5a-962d-49a38117a4cc&#8221; form_field_font=&#8221;Montserrat|700||on|||||&#8221; form_field_letter_spacing=&#8221;0.06em&#8221; custom_button=&#8221;on&#8221; button_text_size=&#8221;14px&#8221; button_text_color=&#8221;#FFFFFF&#8221; button_bg_color=&#8221;gcid-fa3e187d-20a7-4c5a-962d-49a38117a4cc&#8221; button_border_width=&#8221;0px&#8221; button_border_radius=&#8221;6px&#8221; button_letter_spacing=&#8221;0.06em&#8221; button_font=&#8221;Montserrat|700||on|||||&#8221; button_custom_padding=&#8221;14px|24px|14px|24px|true|true&#8221; border_radii=&#8221;on|6px|6px|6px|6px&#8221; border_width_all=&#8221;2px&#8221; border_color_all=&#8221;#164e4e&#8221; locked=&#8221;off&#8221; global_colors_info=&#8221;{%22gcid-fa3e187d-20a7-4c5a-962d-49a38117a4cc%22:%91%22button_bg_color%22,%22border_color_all_fields%22,%22form_field_text_color%22%93}&#8221;][et_pb_contact_field field_id=&#8221;Namn&#8221; field_title=&#8221;Namn&#8221; fullwidth_field=&#8221;on&#8221; _builder_version=&#8221;4.27.4&#8243; _module_preset=&#8221;default&#8221; global_colors_info=&#8221;{}&#8221; button_text_size__hover_enabled=&#8221;off&#8221; button_one_text_size__hover_enabled=&#8221;off&#8221; button_two_text_size__hover_enabled=&#8221;off&#8221; button_text_color__hover_enabled=&#8221;off&#8221; button_one_text_color__hover_enabled=&#8221;off&#8221; button_two_text_color__hover_enabled=&#8221;off&#8221; button_border_width__hover_enabled=&#8221;off&#8221; button_one_border_width__hover_enabled=&#8221;off&#8221; button_two_border_width__hover_enabled=&#8221;off&#8221; button_border_color__hover_enabled=&#8221;off&#8221; button_one_border_color__hover_enabled=&#8221;off&#8221; button_two_border_color__hover_enabled=&#8221;off&#8221; button_border_radius__hover_enabled=&#8221;off&#8221; button_one_border_radius__hover_enabled=&#8221;off&#8221; button_two_border_radius__hover_enabled=&#8221;off&#8221; button_letter_spacing__hover_enabled=&#8221;off&#8221; button_one_letter_spacing__hover_enabled=&#8221;off&#8221; button_two_letter_spacing__hover_enabled=&#8221;off&#8221; button_bg_color__hover_enabled=&#8221;off&#8221; button_one_bg_color__hover_enabled=&#8221;off&#8221; button_two_bg_color__hover_enabled=&#8221;off&#8221;][\/et_pb_contact_field][et_pb_contact_field field_id=&#8221;Email&#8221; field_title=&#8221;E-post adress&#8221; field_type=&#8221;email&#8221; fullwidth_field=&#8221;on&#8221; _builder_version=&#8221;4.27.4&#8243; _module_preset=&#8221;default&#8221; global_colors_info=&#8221;{}&#8221; button_text_size__hover_enabled=&#8221;off&#8221; button_one_text_size__hover_enabled=&#8221;off&#8221; button_two_text_size__hover_enabled=&#8221;off&#8221; button_text_color__hover_enabled=&#8221;off&#8221; button_one_text_color__hover_enabled=&#8221;off&#8221; button_two_text_color__hover_enabled=&#8221;off&#8221; button_border_width__hover_enabled=&#8221;off&#8221; button_one_border_width__hover_enabled=&#8221;off&#8221; button_two_border_width__hover_enabled=&#8221;off&#8221; button_border_color__hover_enabled=&#8221;off&#8221; button_one_border_color__hover_enabled=&#8221;off&#8221; button_two_border_color__hover_enabled=&#8221;off&#8221; button_border_radius__hover_enabled=&#8221;off&#8221; button_one_border_radius__hover_enabled=&#8221;off&#8221; button_two_border_radius__hover_enabled=&#8221;off&#8221; button_letter_spacing__hover_enabled=&#8221;off&#8221; button_one_letter_spacing__hover_enabled=&#8221;off&#8221; button_two_letter_spacing__hover_enabled=&#8221;off&#8221; button_bg_color__hover_enabled=&#8221;off&#8221; button_one_bg_color__hover_enabled=&#8221;off&#8221; button_two_bg_color__hover_enabled=&#8221;off&#8221;][\/et_pb_contact_field][et_pb_contact_field field_id=&#8221;Message&#8221; field_title=&#8221;Vad vill du fr\u00e5ga oss?&#8221; field_type=&#8221;text&#8221; fullwidth_field=&#8221;on&#8221; _builder_version=&#8221;4.27.4&#8243; _module_preset=&#8221;default&#8221; global_colors_info=&#8221;{}&#8221; button_text_size__hover_enabled=&#8221;off&#8221; button_one_text_size__hover_enabled=&#8221;off&#8221; button_two_text_size__hover_enabled=&#8221;off&#8221; button_text_color__hover_enabled=&#8221;off&#8221; button_one_text_color__hover_enabled=&#8221;off&#8221; button_two_text_color__hover_enabled=&#8221;off&#8221; button_border_width__hover_enabled=&#8221;off&#8221; button_one_border_width__hover_enabled=&#8221;off&#8221; button_two_border_width__hover_enabled=&#8221;off&#8221; button_border_color__hover_enabled=&#8221;off&#8221; button_one_border_color__hover_enabled=&#8221;off&#8221; button_two_border_color__hover_enabled=&#8221;off&#8221; button_border_radius__hover_enabled=&#8221;off&#8221; button_one_border_radius__hover_enabled=&#8221;off&#8221; button_two_border_radius__hover_enabled=&#8221;off&#8221; button_letter_spacing__hover_enabled=&#8221;off&#8221; button_one_letter_spacing__hover_enabled=&#8221;off&#8221; button_two_letter_spacing__hover_enabled=&#8221;off&#8221; button_bg_color__hover_enabled=&#8221;off&#8221; button_one_bg_color__hover_enabled=&#8221;off&#8221; button_two_bg_color__hover_enabled=&#8221;off&#8221;][\/et_pb_contact_field][\/et_pb_contact_form][\/et_pb_column][\/et_pb_row][\/et_pb_section][et_pb_section fb_built=&#8221;1&#8243; _builder_version=&#8221;4.27.4&#8243; _module_preset=&#8221;default&#8221; global_colors_info=&#8221;{}&#8221;][et_pb_row column_structure=&#8221;1_2,1_2&#8243; _builder_version=&#8221;4.27.4&#8243; _module_preset=&#8221;default&#8221; global_colors_info=&#8221;{}&#8221;][et_pb_column type=&#8221;1_2&#8243; _builder_version=&#8221;4.27.4&#8243; _module_preset=&#8221;default&#8221; global_colors_info=&#8221;{}&#8221;][et_pb_image src=&#8221;https:\/\/tillvaxtklubben.se\/wp-content\/uploads\/2025\/10\/Charlotta-och-Kajsa-skrattar.jpg&#8221; alt=&#8221;Charlotta H\u00e4gge och Kajsa Kromn\u00e9r skrattar&#8221; title_text=&#8221;Charlotta och Kajsa skrattar&#8221; _builder_version=&#8221;4.27.4&#8243; _module_preset=&#8221;default&#8221; global_colors_info=&#8221;{}&#8221;][\/et_pb_image][\/et_pb_column][et_pb_column type=&#8221;1_2&#8243; _builder_version=&#8221;4.27.4&#8243; _module_preset=&#8221;default&#8221; global_colors_info=&#8221;{}&#8221;][et_pb_text _builder_version=&#8221;4.27.4&#8243; _module_preset=&#8221;default&#8221; text_font=&#8221;Montserrat||||||||&#8221; text_font_size=&#8221;16px&#8221; header_2_font=&#8221;DM Serif Text||||||||&#8221; header_2_font_size=&#8221;45px&#8221; global_colors_info=&#8221;{}&#8221;]<\/p>\n<h2>Vilka du m\u00f6ter bakom mailsvaret<\/h2>\n<p>&nbsp;<\/p>\n<p>Vi m\u00f6ttes genom gemensamma intressen. Som m\u00e4nniskor, samtal och schyssta sammanhang. Sedan tror vi ocks\u00e5 att skratta gott ihop f\u00f6rl\u00e4nger livet.<\/p>\n<p>Vi inspireras av att utforska m\u00f6jligheter.\u00a0 Och hur sv\u00e5ra fr\u00e5gor f\u00e5r svar genom ordet <em>varf\u00f6r<\/em>.<\/p>\n<p>Vi tror p\u00e5 \u00f6ppna m\u00f6ten. D\u00e4r nyfikenhet, lyh\u00f6rdhet och v\u00e4nlighet f\u00e5r ta plats. Vi gillar \u00e4ven fram\u00e5tr\u00f6relse och vilken kraft det finns i m\u00f6jligheter. Tillsammans har vi m\u00e5nga \u00e5rs erfarenhet av att leda m\u00e4nniskor p\u00e5 olika s\u00e4tt.<\/p>\n<p>Vi vet ocks\u00e5 att tillv\u00e4xt kan k\u00e4nnas som ett stort ord. Och egentligen \u00e4r det bara du som kan definiera vad det betyder f\u00f6r dig.<\/p>\n<p>D\u00e4rf\u00f6r heter det Tillv\u00e4xtklubben. F\u00f6r vi vill ge dig verktygen att g\u00f6ra resan i en gemenskap med andra. D\u00e4r du kan skapa den sortens tillv\u00e4xt som du beh\u00f6ver. I ett sammanhang d\u00e4r det finns h\u00f6jd f\u00f6r misstag, fr\u00e5gor och \u00f6dmjukhet tillsammans.<\/p>\n<p>V\u00e4lkommen till Tillv\u00e4xtklubben h\u00e4lsar Charlotta &amp; Kajsa<\/p>\n<p>[\/et_pb_text][\/et_pb_column][\/et_pb_row][\/et_pb_section]<\/p>\n","protected":false},"excerpt":{"rendered":"<p>Vilka du m\u00f6ter bakom mailsvaret &nbsp; Vi m\u00f6ttes genom gemensamma intressen. Som m\u00e4nniskor, samtal och schyssta sammanhang. Sedan tror vi ocks\u00e5 att skratta gott ihop f\u00f6rl\u00e4nger livet. Vi inspireras av att utforska m\u00f6jligheter.\u00a0 Och hur sv\u00e5ra fr\u00e5gor f\u00e5r svar genom ordet varf\u00f6r. Vi tror p\u00e5 \u00f6ppna m\u00f6ten. D\u00e4r nyfikenhet, lyh\u00f6rdhet och v\u00e4nlighet f\u00e5r ta plats. [&hellip;]<\/p>\n","protected":false},"author":2,"featured_media":0,"parent":0,"menu_order":0,"comment_status":"closed","ping_status":"closed","template":"","meta":{"_et_pb_use_builder":"on","_et_pb_old_content":"","_et_gb_content_width":"","footnotes":""},"class_list":["post-179","page","type-page","status-publish","hentry"],"_links":{"self":[{"href":"https:\/\/tillvaxtklubben.se\/index.php\/wp-json\/wp\/v2\/pages\/179","targetHints":{"allow":["GET"]}}],"collection":[{"href":"https:\/\/tillvaxtklubben.se\/index.php\/wp-json\/wp\/v2\/pages"}],"about":[{"href":"https:\/\/tillvaxtklubben.se\/index.php\/wp-json\/wp\/v2\/types\/page"}],"author":[{"embeddable":true,"href":"https:\/\/tillvaxtklubben.se\/index.php\/wp-json\/wp\/v2\/users\/2"}],"replies":[{"embeddable":true,"href":"https:\/\/tillvaxtklubben.se\/index.php\/wp-json\/wp\/v2\/comments?post=179"}],"version-history":[{"count":14,"href":"https:\/\/tillvaxtklubben.se\/index.php\/wp-json\/wp\/v2\/pages\/179\/revisions"}],"predecessor-version":[{"id":294,"href":"https:\/\/tillvaxtklubben.se\/index.php\/wp-json\/wp\/v2\/pages\/179\/revisions\/294"}],"wp:attachment":[{"href":"https:\/\/tillvaxtklubben.se\/index.php\/wp-json\/wp\/v2\/media?parent=179"}],"curies":[{"name":"wp","href":"https:\/\/api.w.org\/{rel}","templated":true}]}}